{"id":8501,"date":"2021-02-10T09:52:31","date_gmt":"2021-02-10T09:52:31","guid":{"rendered":"https:\/\/www.orto-code.com\/?page_id=8501"},"modified":"2021-02-10T13:15:43","modified_gmt":"2021-02-10T13:15:43","slug":"condiciones-de-uso","status":"publish","type":"page","link":"https:\/\/www.orto-code.com\/?page_id=8501","title":{"rendered":"Condiciones de uso"},"content":{"rendered":"\t\t<div data-elementor-type=\"wp-page\" data-elementor-id=\"8501\" class=\"elementor elementor-8501\" data-elementor-post-type=\"page\">\n\t\t\t\t\t\t<section class=\"elementor-section elementor-top-section elementor-element elementor-element-0935b4d elementor-section-boxed elementor-section-height-default elementor-section-height-default\" data-id=\"0935b4d\" data-element_type=\"section\" data-e-type=\"section\">\n\t\t\t\t\t\t<div class=\"elementor-container elementor-column-gap-default\">\n\t\t\t\t\t<div class=\"elementor-column elementor-col-100 elementor-top-column elementor-element elementor-element-76f6b47\" data-id=\"76f6b47\" data-element_type=\"column\" data-e-type=\"column\">\n\t\t\t<div class=\"elementor-widget-wrap elementor-element-populated\">\n\t\t\t\t\t\t<div class=\"elementor-element elementor-element-4f29a64 elementor-widget elementor-widget-image\" data-id=\"4f29a64\" data-element_type=\"widget\" data-e-type=\"widget\" data-widget_type=\"image.default\">\n\t\t\t\t<div class=\"elementor-widget-container\">\n\t\t\t\t\t\t\t\t\t\t\t\t\t\t\t\t<a href=\"\/\">\n\t\t\t\t\t\t\t<img decoding=\"async\" src=\"https:\/\/www.orto-code.com\/wp-content\/uploads\/2021\/02\/logo1.svg\" class=\"attachment-full size-full wp-image-8470\" alt=\"\" \/>\t\t\t\t\t\t\t\t<\/a>\n\t\t\t\t\t\t\t\t\t\t\t\t\t\t\t<\/div>\n\t\t\t\t<\/div>\n\t\t\t\t\t<\/div>\n\t\t<\/div>\n\t\t\t\t\t<\/div>\n\t\t<\/section>\n\t\t\t\t<section class=\"elementor-section elementor-top-section elementor-element elementor-element-8cd80f7 elementor-section-boxed elementor-section-height-default elementor-section-height-default\" data-id=\"8cd80f7\" data-element_type=\"section\" data-e-type=\"section\">\n\t\t\t\t\t\t<div class=\"elementor-container elementor-column-gap-default\">\n\t\t\t\t\t<div class=\"elementor-column elementor-col-100 elementor-top-column elementor-element elementor-element-7895936\" data-id=\"7895936\" data-element_type=\"column\" data-e-type=\"column\">\n\t\t\t<div class=\"elementor-widget-wrap elementor-element-populated\">\n\t\t\t\t\t\t<div class=\"elementor-element elementor-element-460c2fc elementor-widget elementor-widget-text-editor\" data-id=\"460c2fc\" data-element_type=\"widget\" data-e-type=\"widget\" data-widget_type=\"text-editor.default\">\n\t\t\t\t<div class=\"elementor-widget-container\">\n\t\t\t\t\t\t\t\t\t<h1><strong>CONDICIONES DE USO DE ORTO-CODE<br>AVISO LEGAL<\/strong><\/h1>\n<p>Le informamos que sus datos personales formar\u00e1n parte de un fichero titularidad de ORLIMAN, S.L.U., con la finalidad de gestionar su registro, as\u00ed como para remitirle informaci\u00f3n sobre nuestros productos y servicios, tanto por medios postales como electr\u00f3nicos.<\/p>\n<h1><strong>CONDICIONES DE USO<\/strong><\/h1>\n<p>Mediante la creaci\u00f3n de la cuenta necesaria para acceder a la Aplicaci\u00f3n, usted manifiesta expresamente que est\u00e1 de acuerdo, cumple y acepta nuestras condiciones de uso y pol\u00edtica de privacidad.<\/p>\n<h1><strong>1.- Identidad del titular de la aplicaci\u00f3n:<\/strong><\/h1>\n<p>ORLIMAN, S.L.U. (en adelante \u201cla Compa\u00f1\u00eda\u201d o \u201cOrliman\u201d), entidad mercantil de nacionalidad espa\u00f1ola, con domicilio en C\/ Ausias March, n\u00ba 3, Pol. Ind. La Pobla-L\u2019Eliana, La Pobla de Vallbona (Valencia), Espa\u00f1a, C.P. 46185, Apartado de Correos 49, C.I.F. n\u00ba B-96.122.510.<\/p>\n<h1><strong>2.- Licencia de Uso de la Plataforma<\/strong><\/h1>\n<p>La Compa\u00f1\u00eda es la propietaria y titular de todos los derechos sobre la aplicaci\u00f3n m\u00f3vil \u201cORTO-CODE\u201d (en adelante, \u201cla Aplicaci\u00f3n\u201d) y, en este sentido, otorga al usuario (licenciatario) \u00fanicamente el derecho a emplear la misma conforme a los usos para los que la misma ha sido dise\u00f1ada y, en particular, conforme a lo previsto en nuestras Condiciones de uso y\/o en la ley aplicable. El usuario no adquirir\u00e1 a trav\u00e9s de la descarga de la Aplicaci\u00f3n, la creaci\u00f3n de la cuenta, acceso a la Aplicaci\u00f3n y\/o uso de \u00e9sta ning\u00fan derecho de propiedad sobre la misma.<\/p>\n<p>Por tanto, la mera creaci\u00f3n de la cuenta que da acceso a la Plataforma implica la aceptaci\u00f3n por parte del usuario de las Condiciones de uso correspondientes a la Aplicaci\u00f3n. En caso contrario, no deber\u00e1 emplearla y deber\u00e1 proceder a la eliminaci\u00f3n de la cuenta de acceso.<\/p>\n<p>De igual forma, le informamos que, en cualquier momento, podr\u00e1 dar de baja la cuenta de acceso mediante las distintas opciones que la Compa\u00f1\u00eda pone a su disposici\u00f3n para tal fin.<\/p>\n<h1><strong>3.- Uso de contenidos.<\/strong><\/h1>\n<p>Puede descargar, almacenar, mostrar en su computadora o dispositivo m\u00f3vil, Tablet o cualquier dispositivo electr\u00f3nico, ver, escuchar, reproducir e imprimir Contenidos que ORTO-CODE publica o transmite en el Sitio o pone a disposici\u00f3n para su descarga a trav\u00e9s de la Aplicaci\u00f3n sujeto a lo siguiente:<\/p>\n<ul>\n<li>Los Contenidos se pueden utilizar \u00fanicamente para sus fines personales, informativos y no comerciales;&nbsp;<\/li>\n<li>los Contenidos no se pueden modificar ni alterar de ninguna manera;&nbsp;y<\/li>\n<li>los Contenidos no se pueden redistribuir.<\/li>\n<\/ul>\n<h1><strong>4.- Aceptaci\u00f3n del Usuario.<\/strong><\/h1>\n<p>Estas Condiciones de Uso regulan el acceso y utilizaci\u00f3n de la Aplicaci\u00f3n que la Compa\u00f1\u00eda pone a disposici\u00f3n de los Usuarios. El acceso a la misma implica la aceptaci\u00f3n sin reservas de las presentes Condiciones de Uso.<\/p>\n<p>La Compa\u00f1\u00eda puede ofrecer a trav\u00e9s de la Plataforma, servicios que podr\u00e1n encontrarse sometidos a unas condiciones particulares propias sobre las cuales se informar\u00e1 al Usuario en cada caso concreto.<\/p>\n<p>La Aplicacion puede evolucionar y, por consiguiente, la forma o naturaleza de la misma puede cambiar de un momento a otro sin que se le haya notificado con antelaci\u00f3n tal cambio. Asimismo, La Compa\u00f1\u00eda puede interrumpir (de forma temporal o permanente) la utilizaci\u00f3n de la Aplicaci\u00f3n (o cualquiera de los servicios disponibles) a usted o a todos los Usuarios en general y, en estas circunstancias, es posible que la Compa\u00f1\u00eda no pueda notificarle este hecho con antelaci\u00f3n.<\/p>\n<h1><strong>5.- Acceso a la Plataforma. <\/strong><\/h1>\n<p>Se exige el previo registro como Usuario para el acceso y uso de la Aplicaci\u00f3n.<\/p>\n<p>La Compa\u00f1\u00eda adopta las medidas t\u00e9cnicas y organizativas necesarias para garantizar la protecci\u00f3n de los datos de car\u00e1cter personal y evitar su alteraci\u00f3n, p\u00e9rdida, tratamiento y\/o acceso no autorizado, habida cuenta del estado de la t\u00e9cnica, la naturaleza de los datos almacenados y los riesgos a que est\u00e1n expuestos, todo ello, conforme a lo establecido por la legislaci\u00f3n espa\u00f1ola de Protecci\u00f3n de Datos de Car\u00e1cter Personal.<\/p>\n<p>La Compa\u00f1\u00eda no se hace responsable frente a los Usuarios, por la revelaci\u00f3n de sus datos personales a terceros que no sea debida a causas directamente imputables a la Compa\u00f1\u00eda, ni por el uso que de tales datos hagan terceros ajenos a la Compa\u00f1\u00eda.<\/p>\n<h1><strong>6.- Uso correcto de la Aplicaci\u00f3n. <\/strong><\/h1>\n<p>El Usuario se compromete a utilizar la Aplicaci\u00f3n, los contenidos y servicios de conformidad con la Ley, las presentes Condiciones de Uso, las buenas costumbres y el orden p\u00fablico. Del mismo modo, el Usuario se obliga a no emplear la Aplicaci\u00f3n, sus contenidos o los servicios que se presten a trav\u00e9s de \u00e9sta con fines o efectos il\u00edcitos o contrarios al contenido de las presentes Condiciones de Uso, lesivos de los intereses o derechos de terceros, o que de cualquier forma pueda da\u00f1ar, inutilizar, hacer inaccesibles o deteriorar la Aplicaci\u00f3n, sus contenidos o sus servicios, o impedir un normal disfrute de la misma por otros Usuarios.<\/p>\n<p>Asimismo, el Usuario se compromete expresamente a no destruir, alterar, inutilizar o, de cualquier otra forma, da\u00f1ar los datos, programas o documentos electr\u00f3nicos existentes en la Aplicaci\u00f3n.<\/p>\n<p>El Usuario se compromete a no obstaculizar el acceso de otros Usuarios mediante el consumo masivo de los recursos inform\u00e1ticos a trav\u00e9s de los cuales la Compa\u00f1\u00eda presta el servicio, as\u00ed como realizar acciones que da\u00f1en, interrumpan o generen errores en dichos sistemas o servicios.<\/p>\n<p>El Usuario se compromete a no introducir programas, virus, macros, applets, controles ActiveX o cualquier otro dispositivo l\u00f3gico o secuencia de caracteres que causen o sean susceptibles de ocasionar cualquier tipo de alteraci\u00f3n en los sistemas inform\u00e1ticos de la Compa\u00f1\u00eda o de terceros.<\/p>\n<h1><strong>7.- Prohibici\u00f3n de uso ilegal o prohibido. <\/strong><\/h1>\n<p>Usted acepta no emplear la Aplicaci\u00f3n o el contenido proporcionado para ning\u00fan prop\u00f3sito que sea ilegal o est\u00e9 prohibido por estas Condiciones de Uso o las reglas, pautas o t\u00e9rminos de uso publicados para un \u00e1rea de la Aplicaci\u00f3n o contenido proporcionado a trav\u00e9s de la misma.<\/p>\n<h1><strong>8.- Indemnizaci\u00f3n. <\/strong><\/h1>\n<p>Usted acepta indemnizar y eximir de responsabilidad a la Compa\u00f1\u00eda, sus funcionarios, directores, empleados y agentes de y contra todos y cada uno de los reclamos, responsabilidades, da\u00f1os, p\u00e9rdidas o gastos, incluidos los honorarios y costos razonables de abogados y procuradores, que surjan del contenido que comparte, su violaci\u00f3n de estas Condiciones de Uso o cualquier regla, pauta o t\u00e9rminos de uso adicionales publicados para un \u00e1rea espec\u00edfica de la Plataforma o Contenido proporcionado a trav\u00e9s de \u00e9sta, o su violaci\u00f3n o infracci\u00f3n de cualquier derecho de terceros, incluidos los derechos de propiedad intelectual.<\/p>\n<h1><strong>9.- Monitorizaci\u00f3n.<\/strong><\/h1>\n<p>La Compa\u00f1\u00eda no tiene la obligaci\u00f3n de monitorizar la Aplicaci\u00f3n o revisar el contenido que se comparta en la misma o a trav\u00e9s de ella.&nbsp;Sin embargo, la Compa\u00f1\u00eda se reserva el derecho de revisar el Sitio y el Contenido y de monitorizar todo el uso y la actividad en la Aplicaci\u00f3n, y de eliminar o elegir no poner a disposici\u00f3n en la Aplicaci\u00f3n o a cualquier de ella cualquier contenido a su entera discreci\u00f3n.&nbsp;La Compa\u00f1\u00eda puede eliminar contenido que sea confidencial o de propiedad de un tercero sin el permiso de ese tercero.<\/p>\n<h1><strong>10.- Terminaci\u00f3n del uso. <\/strong><\/h1>\n<p>La Compa\u00f1\u00eda puede, a su entera discreci\u00f3n, en cualquier momento dejar de proporcionar o limitar el acceso a la Aplicaci\u00f3n o al contenido proporcionado. Usted acepta que la Compa\u00f1\u00eda puede, a su entera discreci\u00f3n, en cualquier momento, limitar o dar por finalizado su acceso o uso de la Plataforma o de cualquier contenido. Asimismo, la Compa\u00f1\u00eda puede rescindir o limitar su acceso o uso de la Aplicaci\u00f3n si se determina, a su entera discreci\u00f3n, que ha infringido los derechos de autor de un tercero. Usted acepta que la Compa\u00f1\u00eda no ser\u00e1 responsable ante usted ni ante ning\u00fan tercero por la terminaci\u00f3n o limitaci\u00f3n de su acceso o uso de la Aplicaci\u00f3n o cualquier contenido.<\/p>\n<h1><strong>11.- Sitios web, contenido.<\/strong><\/h1>\n<p>La Aplicaci\u00f3n proporciona enlaces a sitios web y acceso al contenido, productos y servicios de terceros, incluidos usuarios, anunciantes, afiliados y patrocinadores del Sitio web. La Compa\u00f1\u00eda no se responsabiliza del contenido de terceros, y Usted asume todos los riesgos asociados con el acceso y el uso de dichos sitios web y contenido de terceros, productos y servicios, pues dichos sitios web enlazados no est\u00e1n controlados por la Compa\u00f1\u00eda.<\/p>\n<p>Orliman s\u00f3lo le est\u00e1 proporcionando estos enlaces a usted para su comodidad, y la inclusi\u00f3n de cualquier enlace no implica la aprobaci\u00f3n del sitio web por ORLIMAN.<\/p>\n<h1><strong>12.- Propiedad intelectual e industrial. <\/strong><\/h1>\n<p>Todos los contenidos de la Aplicaci\u00f3n, salvo que se indique lo contrario, son titularidad exclusiva de la Compa\u00f1\u00eda y, con car\u00e1cter enunciativo, que no limitativo, el dise\u00f1o gr\u00e1fico, c\u00f3digo fuente, logos, textos, gr\u00e1ficos, ilustraciones, fotograf\u00edas, y dem\u00e1s elementos que aparecen en la aplicaci\u00f3n.<\/p>\n<p>Igualmente, todos los nombres comerciales, marcas o signos distintivos de cualquier clase contenidos en la aplicaci\u00f3n est\u00e1n protegidos por la Ley.<\/p>\n<p>La Compa\u00f1\u00eda no concede ning\u00fan tipo de licencia o autorizaci\u00f3n de uso personal al Usuario sobre sus derechos de propiedad intelectual e industrial o sobre cualquier otro derecho relacionado con su aplicaci\u00f3n y los servicios ofrecidos en la misma.<\/p>\n<p>Por ello, el Usuario reconoce que la reproducci\u00f3n, distribuci\u00f3n, comercializaci\u00f3n, transformaci\u00f3n, y en general, cualquier otra forma de explotaci\u00f3n, por cualquier procedimiento, de todo o parte de los contenidos de esta aplicaci\u00f3n constituye una infracci\u00f3n de los derechos de propiedad intelectual y\/o industrial de la Compa\u00f1\u00eda o del titular de los mismos.<\/p>\n<h1><strong>13.- Limitaci\u00f3n de responsabilidad. <\/strong><\/h1>\n<p>La Compa\u00f1\u00eda, en ning\u00fan caso, ser\u00e1 responsable de ning\u00fan da\u00f1o directo, indirecto, incidental, especial o consecuente, o da\u00f1o por p\u00e9rdida de beneficios, ingresos, datos o uso de datos, en que el Usuario o cualquier tercero incurra por el acceso o uso de la Aplicaci\u00f3n o de cualquier contenido proporcionado en o a trav\u00e9s de \u00e9sta.<\/p>\n<h1><strong>14.- Protecci\u00f3n de datos de car\u00e1cter personal. <\/strong><\/h1>\n<p>Ver Pol\u00edtica de privacidad<\/p>\n<h1><strong>15.- Modificaci\u00f3n de las Condiciones de Uso. <\/strong><\/h1>\n<p>La Compa\u00f1\u00eda se reserva el derecho de desarrollar o actualizar, en cualquier momento, las presentes Condiciones de Uso, por lo que el Usuario deber\u00e1 leerlo peri\u00f3dicamente.<\/p>\n<h1><strong>16.- Jurisdicci\u00f3n y Ley aplicable. <\/strong><\/h1>\n<p>La relaci\u00f3n entre la Compa\u00f1\u00eda y el Usuario se regir\u00e1 por la normativa espa\u00f1ola vigente, y cualquier controversia se someter\u00e1 a los Juzgados y Tribunales del domicilio de la Compa\u00f1\u00eda.<\/p>\n<p>La Compa\u00f1\u00eda perseguir\u00e1 el incumplimiento de las presentes Condiciones de Uso, as\u00ed como cualquier utilizaci\u00f3n indebida de la Aplicaci\u00f3n ejerciendo todas las acciones civiles y penales que le puedan corresponder y asistan en Derecho.<\/p>\t\t\t\t\t\t\t\t<\/div>\n\t\t\t\t<\/div>\n\t\t\t\t<div class=\"elementor-element elementor-element-c995195 elementor-align-center elementor-widget elementor-widget-button\" data-id=\"c995195\" data-element_type=\"widget\" data-e-type=\"widget\" data-widget_type=\"button.default\">\n\t\t\t\t<div class=\"elementor-widget-container\">\n\t\t\t\t\t\t\t\t\t<div class=\"elementor-button-wrapper\">\n\t\t\t\t\t<a class=\"elementor-button elementor-button-link elementor-size-lg\" href=\"\/\">\n\t\t\t\t\t\t<span class=\"elementor-button-content-wrapper\">\n\t\t\t\t\t\t\t\t\t<span class=\"elementor-button-text\">Volver<\/span>\n\t\t\t\t\t<\/span>\n\t\t\t\t\t<\/a>\n\t\t\t\t<\/div>\n\t\t\t\t\t\t\t\t<\/div>\n\t\t\t\t<\/div>\n\t\t\t\t\t<\/div>\n\t\t<\/div>\n\t\t\t\t\t<\/div>\n\t\t<\/section>\n\t\t\t\t<\/div>\n\t\t","protected":false},"excerpt":{"rendered":"<p>CONDICIONES DE USO DE ORTO-CODEAVISO LEGAL Le informamos que sus datos personales formar\u00e1n parte de un fichero titularidad de ORLIMAN, S.L.U., con la finalidad de gestionar su registro, as\u00ed como para remitirle informaci\u00f3n sobre nuestros productos y servicios, tanto por medios postales como electr\u00f3nicos. CONDICIONES DE USO Mediante la creaci\u00f3n de la cuenta necesaria para [&hellip;]<\/p>\n","protected":false},"author":1,"featured_media":0,"parent":0,"menu_order":0,"comment_status":"closed","ping_status":"closed","template":"","meta":{"footnotes":""},"class_list":["post-8501","page","type-page","status-publish","hentry"],"_links":{"self":[{"href":"https:\/\/www.orto-code.com\/index.php?rest_route=\/wp\/v2\/pages\/8501","targetHints":{"allow":["GET"]}}],"collection":[{"href":"https:\/\/www.orto-code.com\/index.php?rest_route=\/wp\/v2\/pages"}],"about":[{"href":"https:\/\/www.orto-code.com\/index.php?rest_route=\/wp\/v2\/types\/page"}],"author":[{"embeddable":true,"href":"https:\/\/www.orto-code.com\/index.php?rest_route=\/wp\/v2\/users\/1"}],"replies":[{"embeddable":true,"href":"https:\/\/www.orto-code.com\/index.php?rest_route=%2Fwp%2Fv2%2Fcomments&post=8501"}],"version-history":[{"count":31,"href":"https:\/\/www.orto-code.com\/index.php?rest_route=\/wp\/v2\/pages\/8501\/revisions"}],"predecessor-version":[{"id":8570,"href":"https:\/\/www.orto-code.com\/index.php?rest_route=\/wp\/v2\/pages\/8501\/revisions\/8570"}],"wp:attachment":[{"href":"https:\/\/www.orto-code.com\/index.php?rest_route=%2Fwp%2Fv2%2Fmedia&parent=8501"}],"curies":[{"name":"wp","href":"https:\/\/api.w.org\/{rel}","templated":true}]}}