{"id":8510,"date":"2021-02-10T09:57:23","date_gmt":"2021-02-10T09:57:23","guid":{"rendered":"https:\/\/www.orto-code.com\/?page_id=8510"},"modified":"2021-02-10T13:14:17","modified_gmt":"2021-02-10T13:14:17","slug":"politica-de-privacidad","status":"publish","type":"page","link":"https:\/\/www.orto-code.com\/?page_id=8510","title":{"rendered":"Pol\u00edtica de privacidad"},"content":{"rendered":"\t\t<div data-elementor-type=\"wp-page\" data-elementor-id=\"8510\" class=\"elementor elementor-8510\" data-elementor-post-type=\"page\">\n\t\t\t\t\t\t<section class=\"elementor-section elementor-top-section elementor-element elementor-element-c56a831 elementor-section-boxed elementor-section-height-default elementor-section-height-default\" data-id=\"c56a831\" data-element_type=\"section\" data-e-type=\"section\">\n\t\t\t\t\t\t<div class=\"elementor-container elementor-column-gap-default\">\n\t\t\t\t\t<div class=\"elementor-column elementor-col-100 elementor-top-column elementor-element elementor-element-2f7caf8\" data-id=\"2f7caf8\" data-element_type=\"column\" data-e-type=\"column\">\n\t\t\t<div class=\"elementor-widget-wrap elementor-element-populated\">\n\t\t\t\t\t\t<div class=\"elementor-element elementor-element-6368ed5 elementor-widget elementor-widget-image\" data-id=\"6368ed5\" data-element_type=\"widget\" data-e-type=\"widget\" data-widget_type=\"image.default\">\n\t\t\t\t<div class=\"elementor-widget-container\">\n\t\t\t\t\t\t\t\t\t\t\t\t\t\t\t\t<a href=\"\/\">\n\t\t\t\t\t\t\t<img decoding=\"async\" width=\"1\" height=\"1\" src=\"https:\/\/www.orto-code.com\/wp-content\/uploads\/2021\/02\/logo1.svg\" class=\"attachment-large size-large wp-image-8470\" alt=\"\" \/>\t\t\t\t\t\t\t\t<\/a>\n\t\t\t\t\t\t\t\t\t\t\t\t\t\t\t<\/div>\n\t\t\t\t<\/div>\n\t\t\t\t<div class=\"elementor-element elementor-element-7b8c33c elementor-widget elementor-widget-text-editor\" data-id=\"7b8c33c\" data-element_type=\"widget\" data-e-type=\"widget\" data-widget_type=\"text-editor.default\">\n\t\t\t\t<div class=\"elementor-widget-container\">\n\t\t\t\t\t\t\t\t\t<h1><strong>POL\u00cdTICA DE PRIVACIDAD DE ORTO-code by ORLIMAN<\/strong><\/h1><p>\u00a0Fecha de \u00faltima actualizaci\u00f3n: 12\/01\/2021<\/p><h1><strong>\u00bfQUI\u00c9N ES EL RESPONSABLE DEL TRATAMIENTO?<\/strong><\/h1><ul><li>Identidad del responsable. ORLIMAN, S.L.U. (B96122510)<\/li><li>Direcci\u00f3n f\u00edsica. CARRER AUSIAS MARCH, 3. 46185, LA POBLA VALLBONA (VALENCIA)<\/li><li><a href=\"mailto:orto@orliman.com\">orto@orliman.com<\/a><\/li><li>Tel\u00e9fono. 96 272 57 04<\/li><\/ul><h1><strong>\u00bfQU\u00c9 DATOS PERSONALES TRATAMOS?<\/strong><\/h1><p>ORLIMAN, S.L.U. solicita, recaba o, simplemente, almacena una serie de datos e informaciones que el Usuario introduce en la aplicaci\u00f3n a trav\u00e9s de cualquiera de sus formularios electr\u00f3nicos durante el proceso de registro del Usuario en la aplicaci\u00f3n. En ese sentido, ORLIMAN, S.L.U. recaba y\/o almacena, entre otros, los siguientes datos que se indican a continuaci\u00f3n.<\/p><ul><li>Durante el proceso de registro y alta de Usuario, se recabar\u00e1 y almacenar\u00e1 informaci\u00f3n personal de cada Usuario de la aplicaci\u00f3n, necesaria para la prestaci\u00f3n del servicio, verificaci\u00f3n de su identidad y evitar el uso no autorizado. Nos referimos a:<ul><li>Nombre y apellido<\/li><li>Correo electr\u00f3nico<\/li><li>Contrase\u00f1a<\/li><\/ul><\/li><li>Para comprobar la identidad de los usuarios m\u00e9dicos\/sanitarios se podr\u00e1 solicitar<ul><li>N\u00famero de colegiados<\/li><li>Centro de trabajo<\/li><li>Especialidad<\/li><\/ul><\/li><li>Para comprobar la identidad de las farmacias y ortopedia se podr\u00e1 solicitar:<ul><li>Centro de trabajo<\/li><li>CIF\/NIF<\/li><li>Tel\u00e9fono movil<\/li><\/ul><\/li><li>As\u00ed mismo otra informaci\u00f3n es recabada y almacenada que nos permitan conocer mejor a nuestros clientes y por tanto mejorar los productos o servicios ofertados.<ul><li>Provincia<\/li><li>Telefono m\u00f3vil<\/li><\/ul><\/li><\/ul><h1><strong>\u00bfCON QU\u00c9 FINALIDAD Y CASOS ESPEC\u00cdFICOS CON QUETRATAMOS LOS DATOS PERSONALES?<\/strong><\/h1><p>En ORTO-code se tratan los datos personales con las siguientes finalidades:<\/p><ul><li><strong>Usuarios: <\/strong>Alta de los distintos tipos de usuarios (M\u00e9dicos, Sanitarios, Ortopedia, Farmacias) para poder desarrollar los servicios y funcionalidades a trav\u00e9s de la aplicaci\u00f3n.<\/li><li><strong>Newletter:<\/strong> Enviar informaci\u00f3n a trav\u00e9s de los medios proporcionados acerca de las novedades, noticias, productos y servicios relacionados con nosotros o nuestro sector<\/li><\/ul><p>Con los datos personales recabados no se elaboraran perfiles ni se realizar\u00e1n decisiones automatizadas.<\/p><h1><strong>\u00bfCU\u00c1L ES LA LEGITIMACI\u00d3N PARA EL TRATAMIENTO DE LOS DATOS?<\/strong><\/h1><p>En la organizaci\u00f3n se pueden tratar informaci\u00f3n de car\u00e1cter personal para:<\/p><ul><li><strong>Ejecuci\u00f3n de un Contrato:<\/strong> entendi\u00e9ndose como tal la utilizaci\u00f3n de la aplicaci\u00f3n que est\u00e1 sujeta a unos t\u00e9rminos y condiciones, cuyo contenido regula el acceso, utilizaci\u00f3n, derechos y responsabilidades de los servicios que ofrecemos. Esta base legitimadora se refiere a la finalidad de utilizar la aplicaci\u00f3n.<\/li><\/ul><ul><li><strong>Consentimiento: <\/strong>, en determinadas situaciones en las que no sea posible legitimar un tratamiento por la necesaria utilizaci\u00f3n de los servicios de la plataforma, solicitaremos el consentimiento espec\u00edfico e informado al usuario para que autorice los tratamientos. Este es el caso de la recepci\u00f3n del env\u00edo de comunicaciones comerciales. Adicionalmente, te informamos que s\u00f3lo usaremos la informaci\u00f3n de car\u00e1cter personal en virtud de esta Pol\u00edtica de Privacidad y, con car\u00e1cter general, solicitaremos tu consentimiento para usos con fines distintos de aqu\u00e9llos para los cuales los otorgaste inicialmente. Finalmente, te informamos que puedes retirar el consentimiento en cualquier momento, solo tendr\u00e1s que ponerte en contacto con nosotros a trav\u00e9s de los medios indicados en esta pol\u00edtica de privacidad<\/li><\/ul><p>Para la respuesta a las solicitudes, el interesado deber\u00e1 proporcionar la informaci\u00f3n m\u00ednima solicitada. En caso contrato, no podr\u00e1n ser atendidas.<\/p><h1><strong>\u00bfDURANTE CU\u00c1NTO TRATAMOS LOS DATOS PERSONALES?<\/strong><\/h1><p>En ORTO-code se tratan los datos personales durante los siguientes plazos:<\/p><ul><li>El periodo establecido por la ley<\/li><li>El per\u00edodo necesario para cumplir con las obligaciones operativas<\/li><\/ul><p>Se conservar\u00e1n los datos durante el tiempo necesario para cumplir con la finalidad para la que se recabaron y para determinar las posibles responsabilidades que se pudieran derivar de dicha finalidad y del tratamiento de los datos, conforme las normativas anteriormente expuestas, adem\u00e1s de los periodos establecidos en la normativa de archivos y documentaci\u00f3n que sea de aplicaci\u00f3n.<\/p><h1><strong>\u00bfCON QUI\u00c9N COMPARTIMOS LOS DATOS PERSONALES?<\/strong><\/h1><p>Para cumplir las finalidades anteriormente descritas, se puede compartir datos personales con:<\/p><ul><li>Proveedores de servicios que realizan servicios a nuestro nombre. Algunos de estos proveedores prov\u00e9n servicios del tipo: Mantenimiento de la Aplicaci\u00f3n y Soporte t\u00e9cnologico.<\/li><\/ul><p>Con todos los proveedores de servicios que realizan servicios para ORLIMAN, S.L.U., se ha se ha suscrito un contrato de acceso a datos personales, de conformidad con la normativa vigente de protecci\u00f3n de datos.<\/p><ul><li>Autoridades judiciales, agencias estatales, fuerzas y cuerpos de seguridad u organismos p\u00fablicos, cuando nos sea requerido en cumplimiento de obligaciones legales.<\/li><\/ul><p>Se informa que, con car\u00e1cter general, no se realizan transferencias internacionales fuera del Espacio Econ\u00f3mico Europeo (EEE). En el caso de que se produjera una transferencia de datos fuera del EEE, LA ORGANIZACI\u00d3N dispondr\u00e1 de las garant\u00edas adecuadas para realizar dicha transferencia, en virtud de los requerimientos que establece el Reglamento General de Protecci\u00f3n de Datos<\/p><h1><strong>\u00bfQU\u00c9 DERECHOS PUEDES EJERCER?<\/strong><\/h1><p>Seg\u00fan la normativa europea los derechos que le asisten son los siguientes:<\/p><ul><li><strong>Acceso,<\/strong> derecho a solicitar informaci\u00f3n al responsable de un fichero sobre si sus datos personales est\u00e1n siendo tratados.<\/li><li><strong>Rectificaci\u00f3n,<\/strong> derecho que permite a la persona afectada solicitar la modificaci\u00f3n de datos que sean inexactos o incompletos.<\/li><li><strong>Oposici\u00f3n,<\/strong> derecho de una persona a oponerse al tratamiento de sus datos personales o el cese de \u00e9stos.<\/li><li><strong>Decisiones individuales automatizadas<\/strong>, derecho a no ser objeto de una decisi\u00f3n basada \u00fanicamente en el tratamiento automatizado, incluida la elaboraci\u00f3n de perfiles, que produzca efectos jur\u00eddicos en \u00e9l o le afecte significativamente de modo similar<\/li><li><strong>Limitaci\u00f3n,<\/strong> derecho a suspender el tratamiento de los datos personales del usuario en determinados supuestos<\/li><li><strong>Supresi\u00f3n u Olvido<\/strong>, derecho a supresi\u00f3n de los datos personales del interesado<\/li><li><strong>Portabilidad,<\/strong> derecho a solicitar al responsable del tratamiento que se le faciliten los datos personales en un formato estructurado y claro a otro responsable.<\/li><\/ul><p>El plazo m\u00e1ximo para la resoluci\u00f3n de la solicitud es de 30 d\u00edas desde su recepci\u00f3n, puede prorrogarse como m\u00e1ximo por un plazo de 2 meses siempre que sea necesario.<\/p><p>El solicitante puede ejercer sus derechos a trav\u00e9s de los siguientes medios:\u00a0<\/p><ul><li>Email rgpd@orliman.com, aportando documentaci\u00f3n que acredite la identidad del solicitante (copia del anverso del Documento Nacional de Identidad, o equivalente)<\/li><li>Correo postal a CARRER AUSIAS MARCH, 3. 46185, LA POBLA VALLBONA (VALENCIA) aportando documentaci\u00f3n que acredite la identidad del solicitante (copia del anverso del Documento Nacional de Identidad, o equivalente)<\/li><li>En cualquier caso, puede solicitar la tutela de la Agencia Espa\u00f1ola de Protecci\u00f3n de Datos a trav\u00e9s de su <a href=\"http:\/\/www.aepd.es\">p\u00e1gina web<\/a><\/li><\/ul><h1><strong>CAMBIOS EN ESTA POLITICA DE PRIVACIDAD<\/strong><\/h1><p>Eventualmente, esta Pol\u00edtica de Privacidad puede ser revisada con el fin de actualizar los cambios en la legislaci\u00f3n vigente, actualizar los procedimientos de recogida y uso de la informaci\u00f3n de car\u00e1cter personal, la aparici\u00f3n de nuevos servicios o la exclusi\u00f3n de otros. Estos cambios ser\u00e1n vigentes a partir de su publicaci\u00f3n en la web, por lo que es importante que revises regularmente esta Pol\u00edtica de Privacidad con el fin de permanecer informado sobre los cambios habidos.<\/p><h1><strong>USO DE COOKIES <\/strong><\/h1><p><strong>Ver Pol\u00edtica de cookies <\/strong><\/p><h1><strong>MEDIDAS DE SEGURIDAD DE LA APLICACI\u00d3N <\/strong><\/h1><p>ORLIMAN, S.L.U. como responsable de los datos, ha adoptado las medidas de seguridad de protecci\u00f3n de los datos personales legalmente requeridos, y procura instalar y poner a disposici\u00f3n del usuario todas las medidas t\u00e9cnicas adicionales a su alcance para evitar la p\u00e9rdida, mal uso, alteraci\u00f3n, acceso no autorizado y robo de los datos personales tratados. No obstante, el usuario debe ser consciente de que las medidas de seguridad existentes no son inexpugnables El usuario es el \u00fanico responsable de la custodia y almacenamiento seguro de su credenciales de acceso a la APP (usuario y contrase\u00f1a), y ORLIMAN, S.L.U. no gestiona, almacena o procesa credenciales de sus usuarios .<\/p><p>En concreto, la APP cuenta con los siguientes est\u00e1ndares de seguridad:<\/p><ul><li>Cifrado de datos y contrase\u00f1as. Encriptado de las BBDD y discos duros de los servidores.<\/li><li>Copias de seguridad adicionales de la BBDD en caso de p\u00e9rdida.<\/li><li>Protocolos seguros de comunicaci\u00f3n y transmisi\u00f3n de datos a trav\u00e9s de Internet HTTPS.<\/li><li>Dispositivos de prevenci\u00f3n, detecci\u00f3n y actuaci\u00f3n frente amenazas externas (Root single sign on, Bugsnag realtime control, \u2026).<\/li><li>Firewalls y restricciones de acceso por IP y contrase\u00f1a a los sistemas de servidores.<\/li><li>Otros sistemas adicionales<\/li><\/ul><h1><strong>MAS INFORMACI\u00d3N.<\/strong><\/h1><p>La aplicaci\u00f3n est\u00e1 destinada para clientes y potenciales mayores de edad. \u00a0El usuario no proporcionar\u00e1 informaci\u00f3n falsa, ni crear\u00e1 cuenta para terceros. En caso de detectar alg\u00fan tipo de incidencia con la informaci\u00f3n proporcionada, se proceder\u00e1 a la inhabilitaci\u00f3n de la cuenta. El usuario podr\u00e1 comunicar cualquier incidencia relacionada con su contrase\u00f1a, cuenta, vulneraci\u00f3n de la confidencialidad de sus datos, peligro o amenaza detectado en la seguridad de los datos y las comunicaciones, usuarios que atenten contra los t\u00e9rminos y condiciones o nuestra Pol\u00edtica de Privacidad, as\u00ed como cualquier otra incidencia relacionada con la seguridad y confidencialidad de la informaci\u00f3n a los administradores de la aplicaci\u00f3n.<\/p>\t\t\t\t\t\t\t\t<\/div>\n\t\t\t\t<\/div>\n\t\t\t\t<div class=\"elementor-element elementor-element-bbad418 elementor-align-center elementor-widget elementor-widget-button\" data-id=\"bbad418\" data-element_type=\"widget\" data-e-type=\"widget\" data-widget_type=\"button.default\">\n\t\t\t\t<div class=\"elementor-widget-container\">\n\t\t\t\t\t\t\t\t\t<div class=\"elementor-button-wrapper\">\n\t\t\t\t\t<a class=\"elementor-button elementor-button-link elementor-size-lg\" href=\"\/\">\n\t\t\t\t\t\t<span class=\"elementor-button-content-wrapper\">\n\t\t\t\t\t\t\t\t\t<span class=\"elementor-button-text\">Volver<\/span>\n\t\t\t\t\t<\/span>\n\t\t\t\t\t<\/a>\n\t\t\t\t<\/div>\n\t\t\t\t\t\t\t\t<\/div>\n\t\t\t\t<\/div>\n\t\t\t\t\t<\/div>\n\t\t<\/div>\n\t\t\t\t\t<\/div>\n\t\t<\/section>\n\t\t\t\t<\/div>\n\t\t","protected":false},"excerpt":{"rendered":"<p>POL\u00cdTICA DE PRIVACIDAD DE ORTO-code by ORLIMAN \u00a0Fecha de \u00faltima actualizaci\u00f3n: 12\/01\/2021 \u00bfQUI\u00c9N ES EL RESPONSABLE DEL TRATAMIENTO? Identidad del responsable. ORLIMAN, S.L.U. (B96122510) Direcci\u00f3n f\u00edsica. CARRER AUSIAS MARCH, 3. 46185, LA POBLA VALLBONA (VALENCIA) orto@orliman.com Tel\u00e9fono. 96 272 57 04 \u00bfQU\u00c9 DATOS PERSONALES TRATAMOS? ORLIMAN, S.L.U. solicita, recaba o, simplemente, almacena una serie de [&hellip;]<\/p>\n","protected":false},"author":1,"featured_media":0,"parent":0,"menu_order":0,"comment_status":"closed","ping_status":"closed","template":"","meta":{"footnotes":""},"class_list":["post-8510","page","type-page","status-publish","hentry"],"_links":{"self":[{"href":"https:\/\/www.orto-code.com\/index.php?rest_route=\/wp\/v2\/pages\/8510","targetHints":{"allow":["GET"]}}],"collection":[{"href":"https:\/\/www.orto-code.com\/index.php?rest_route=\/wp\/v2\/pages"}],"about":[{"href":"https:\/\/www.orto-code.com\/index.php?rest_route=\/wp\/v2\/types\/page"}],"author":[{"embeddable":true,"href":"https:\/\/www.orto-code.com\/index.php?rest_route=\/wp\/v2\/users\/1"}],"replies":[{"embeddable":true,"href":"https:\/\/www.orto-code.com\/index.php?rest_route=%2Fwp%2Fv2%2Fcomments&post=8510"}],"version-history":[{"count":25,"href":"https:\/\/www.orto-code.com\/index.php?rest_route=\/wp\/v2\/pages\/8510\/revisions"}],"predecessor-version":[{"id":8564,"href":"https:\/\/www.orto-code.com\/index.php?rest_route=\/wp\/v2\/pages\/8510\/revisions\/8564"}],"wp:attachment":[{"href":"https:\/\/www.orto-code.com\/index.php?rest_route=%2Fwp%2Fv2%2Fmedia&parent=8510"}],"curies":[{"name":"wp","href":"https:\/\/api.w.org\/{rel}","templated":true}]}}